{"id":171,"date":"2026-02-19T13:05:17","date_gmt":"2026-02-19T13:05:17","guid":{"rendered":"https:\/\/orgues-elbeuf.fr\/?page_id=171"},"modified":"2026-02-19T13:13:49","modified_gmt":"2026-02-19T13:13:49","slug":"adhesion","status":"publish","type":"page","link":"https:\/\/orgues-elbeuf.fr\/index.php\/adhesion\/","title":{"rendered":"Adh\u00e9sion \/ Don"},"content":{"rendered":"\n<p>Vous pouvez soit <a href=\"#Adhesion\">adh\u00e9rer<\/a> \u00e0 notre Association pour soutenir nos actions via le portail HelloAsso<\/p>\n\n\n\n<p>soit faire un <a href=\"#Dons\">don<\/a> qui sera d\u00e9ductible de vos imp\u00f4ts \u00e0 hauteur de 66 %<\/p>\n\n\n\n<hr class=\"wp-block-separator has-alpha-channel-opacity\"\/>\n\n\n\n<p class=\"has-background\" id=\"Adhesion\" style=\"background:linear-gradient(135deg,rgba(252,146,0,0.99) 0%,rgba(255,106,0,0.13) 99%);font-size:clamp(21.536px, 1.346rem + ((1vw - 3.2px) * 1.192), 35px);\">Adh\u00e9sion<\/p>\n\n\n\t\t\t<iframe\n\t\t\t\tid=\"idIframe\"\n\t\t\t\tsrc=\"https:\/\/www.helloasso.com\/associations\/les-amis-des-orgues-d-elbeuf\/adhesions\/adhesion-2025-2026\/widget\"\n\t\t\t\theight=750px\"\t\t\t\twidth=100%\"\t\t\t\tframeborder=\"0\"\n\t\t\t\tloading=\"lazy\"\n\t\t\t\tallowtransparency=\"true\"\n\t\t\t\tonload=\"resizeIframeMessage()\"><\/iframe>\n\n\n\n\n<hr class=\"wp-block-separator has-alpha-channel-opacity\"\/>\n\n\n\n<p class=\"has-background\" id=\"Dons\" style=\"background:linear-gradient(135deg,rgba(252,146,0,0.99) 0%,rgba(255,106,0,0.13) 99%);font-size:clamp(21.536px, 1.346rem + ((1vw - 3.2px) * 1.192), 35px);\">Dons<\/p>\n\n\n\t\t\t<iframe\n\t\t\t\tid=\"idIframe\"\n\t\t\t\tsrc=\"https:\/\/www.helloasso.com\/associations\/les-amis-des-orgues-d-elbeuf\/formulaires\/1\/widget\"\n\t\t\t\theight=750px\"\t\t\t\twidth=100%\"\t\t\t\tframeborder=\"0\"\n\t\t\t\tloading=\"lazy\"\n\t\t\t\tallowtransparency=\"true\"\n\t\t\t\tonload=\"resizeIframeMessage()\"><\/iframe>\n\n","protected":false},"excerpt":{"rendered":"<p>Vous pouvez soit adh\u00e9rer \u00e0 notre Association pour soutenir nos actions via le portail HelloAsso soit faire un don qui sera d\u00e9ductible de vos imp\u00f4ts \u00e0 hauteur de 66 % Adh\u00e9sion Dons<\/p>\n","protected":false},"author":1,"featured_media":0,"parent":0,"menu_order":0,"comment_status":"closed","ping_status":"closed","template":"","meta":{"inspiro_hide_title":false,"footnotes":""},"class_list":["post-171","page","type-page","status-publish","hentry"],"_links":{"self":[{"href":"https:\/\/orgues-elbeuf.fr\/index.php\/wp-json\/wp\/v2\/pages\/171","targetHints":{"allow":["GET"]}}],"collection":[{"href":"https:\/\/orgues-elbeuf.fr\/index.php\/wp-json\/wp\/v2\/pages"}],"about":[{"href":"https:\/\/orgues-elbeuf.fr\/index.php\/wp-json\/wp\/v2\/types\/page"}],"author":[{"embeddable":true,"href":"https:\/\/orgues-elbeuf.fr\/index.php\/wp-json\/wp\/v2\/users\/1"}],"replies":[{"embeddable":true,"href":"https:\/\/orgues-elbeuf.fr\/index.php\/wp-json\/wp\/v2\/comments?post=171"}],"version-history":[{"count":10,"href":"https:\/\/orgues-elbeuf.fr\/index.php\/wp-json\/wp\/v2\/pages\/171\/revisions"}],"predecessor-version":[{"id":184,"href":"https:\/\/orgues-elbeuf.fr\/index.php\/wp-json\/wp\/v2\/pages\/171\/revisions\/184"}],"wp:attachment":[{"href":"https:\/\/orgues-elbeuf.fr\/index.php\/wp-json\/wp\/v2\/media?parent=171"}],"curies":[{"name":"wp","href":"https:\/\/api.w.org\/{rel}","templated":true}]}}