{"id":52,"date":"2026-02-18T15:11:14","date_gmt":"2026-02-18T15:11:14","guid":{"rendered":"https:\/\/orgues-elbeuf.fr\/?page_id=52"},"modified":"2026-02-19T13:31:05","modified_gmt":"2026-02-19T13:31:05","slug":"association-des-amis-des-orgues-delbeuf","status":"publish","type":"page","link":"https:\/\/orgues-elbeuf.fr\/","title":{"rendered":"L&rsquo;association"},"content":{"rendered":"\n<p>L\u2019Association des Amis des Orgues d\u2019Elbeuf est une association loi 1901 cr\u00e9\u00e9e en 1969. A l\u2019origine, cette association souhaitait mettre en valeur le Grand-Orgue Cavaill\u00e9-Coll de l\u2019\u00c9glise St Jean-Baptiste d\u2019Elbeuf.<\/p>\n\n\n\n<p>En sommeil pendant 20 ans, l\u2019Association a repris son activit\u00e9 en 2011 et s\u2019\u00e9largit pour englober tous les instruments de la ville d\u2019Elbeuf.<\/p>\n\n\n\n<p>En effet, Elbeuf rec\u00e8le un patrimoine unique d\u2019instruments r\u00e9alis\u00e9s par le facteur d\u2019orgue Aristide Cavaill\u00e9-Coll.<\/p>\n\n\n\n<p>Pas moins de 5 instruments en 3 \u00e9glises. &#8230;<\/p>\n\n\n\n<blockquote class=\"wp-block-quote is-layout-flow wp-block-quote-is-layout-flow\">\n<p>De 1857 \u00e0 1899, toute l&rsquo;\u00e9volution de l&rsquo;oeuvre de Cavaill\u00e9-Coll est repr\u00e9sent\u00e9e dans nos instruments<\/p>\n<\/blockquote>\n\n\n\n<p><\/p>\n","protected":false},"excerpt":{"rendered":"<p>L\u2019Association des Amis des Orgues d\u2019Elbeuf est une association loi 1901 cr\u00e9\u00e9e en 1969. A l\u2019origine, cette association souhaitait mettre en valeur le Grand-Orgue Cavaill\u00e9-Coll de l\u2019\u00c9glise St Jean-Baptiste d\u2019Elbeuf. En sommeil pendant 20 ans, l\u2019Association a repris son activit\u00e9 en 2011 et s\u2019\u00e9largit pour englober tous les instruments de la ville d\u2019Elbeuf. En effet, &hellip; <\/p>\n<p class=\"link-more\"><a href=\"https:\/\/orgues-elbeuf.fr\/\" class=\"more-link\">Lire la suite de<span class=\"screen-reader-text\">\u00ab\u00a0L&rsquo;association\u00a0\u00bb<\/span><\/a><\/p>\n","protected":false},"author":1,"featured_media":0,"parent":0,"menu_order":0,"comment_status":"closed","ping_status":"closed","template":"","meta":{"inspiro_hide_title":false,"footnotes":""},"class_list":["post-52","page","type-page","status-publish","hentry"],"_links":{"self":[{"href":"https:\/\/orgues-elbeuf.fr\/index.php\/wp-json\/wp\/v2\/pages\/52","targetHints":{"allow":["GET"]}}],"collection":[{"href":"https:\/\/orgues-elbeuf.fr\/index.php\/wp-json\/wp\/v2\/pages"}],"about":[{"href":"https:\/\/orgues-elbeuf.fr\/index.php\/wp-json\/wp\/v2\/types\/page"}],"author":[{"embeddable":true,"href":"https:\/\/orgues-elbeuf.fr\/index.php\/wp-json\/wp\/v2\/users\/1"}],"replies":[{"embeddable":true,"href":"https:\/\/orgues-elbeuf.fr\/index.php\/wp-json\/wp\/v2\/comments?post=52"}],"version-history":[{"count":9,"href":"https:\/\/orgues-elbeuf.fr\/index.php\/wp-json\/wp\/v2\/pages\/52\/revisions"}],"predecessor-version":[{"id":201,"href":"https:\/\/orgues-elbeuf.fr\/index.php\/wp-json\/wp\/v2\/pages\/52\/revisions\/201"}],"wp:attachment":[{"href":"https:\/\/orgues-elbeuf.fr\/index.php\/wp-json\/wp\/v2\/media?parent=52"}],"curies":[{"name":"wp","href":"https:\/\/api.w.org\/{rel}","templated":true}]}}