{"id":55,"date":"2026-02-18T15:18:50","date_gmt":"2026-02-18T15:18:50","guid":{"rendered":"https:\/\/orgues-elbeuf.fr\/?page_id=55"},"modified":"2026-02-27T18:45:43","modified_gmt":"2026-02-27T18:45:43","slug":"grand-orgue-de-limmaculee-conception","status":"publish","type":"page","link":"https:\/\/orgues-elbeuf.fr\/index.php\/grand-orgue-de-limmaculee-conception\/","title":{"rendered":"Grand Orgue de l&rsquo;Immacul\u00e9e-Conception"},"content":{"rendered":"\n<p>Le Grand-Orgue de l\u2019Immacul\u00e9e-Conception est un instrument r\u00e9alis\u00e9 par Aristide Cavaill\u00e9-Coll. Il a \u00e9t\u00e9 inaugur\u00e9 en 1881 par Alexandre Guilmant. Il comporte 26 jeux r\u00e9partis sur 2 claviers de 56 notes et un p\u00e9dalier de 30 notes.<\/p>\n\n\n\n<p>La composition :<\/p>\n\n\n\n<figure style=\"padding-top:0;padding-right:var(--wp--preset--spacing--x-large);padding-bottom:0;padding-left:var(--wp--preset--spacing--x-large)\" class=\"wp-block-table\"><table><tbody><tr><td>Grand-Orgue<\/td><td>R\u00e9cit<\/td><td>P\u00e9dale<\/td><\/tr><tr><td>Bourdon 16<br>Montre 8<br>Bourdon 8<br>Fl\u00fbte Harmonique 8<br>Salicional 8<br>Prestant 4<br><br>Fl\u00fbte douce 4<br>Doublette2<br>Plein Jeu V<br>Basson 16<br>Trompette 8<br>Clairon 4<\/td><td>Viole de gambe 8<br>Voix C\u00e9leste 8<br>Bourdon 8<br>Fl\u00fbte traversi\u00e8re 8<br>Fl\u00fbte octaviante 4<br><br>Quinte 2 2\/3<br>Octavin 2<br>Basson-Hautbois 8<br>Trompette 8<br>Cymbale II*<\/td><td>Contrebasse 16<br>Grosse fl\u00fbte 8<br><br>Bombarde 16<br>Trompette 8<\/td><\/tr><\/tbody><\/table><\/figure>\n\n\n\n<p class=\"has-text-align-center\">Orage, Tir GO, Tir R\u00e9c, Octave Grave, Anches P\u00e9d, Expression, Anches GO, Anches R\u00e9c., Commande GO, Acc GO\/R\u00e9c, Tremblant<\/p>\n\n\n\n<p class=\"has-text-align-center\">*La cymbale a \u00e9t\u00e9 install\u00e9e en 1954 par la Manufacture Haerpfer-Erman.&nbsp;Elle a remplac\u00e9 une Voix Humaine 8<\/p>\n\n\n\n<div class=\"wp-block-responsive-lightbox-gallery\"><div class=\"rl-gallery-container rl-loading rl-pagination-paged\" id=\"rl-gallery-container-1\" data-gallery_id=\"212\"> <div class=\"rl-gallery rl-basicgrid-gallery \" id=\"rl-gallery-1\" data-gallery_no=\"1\"> <div class=\"rl-gallery-item\"><a href=\"https:\/\/orgues-elbeuf.fr\/wp-content\/uploads\/2026\/02\/GOIC-Buffet-scaled.jpg\" title=\"GOIC-Buffet\" data-rl_title=\"GOIC-Buffet\" class=\"rl-gallery-link\" data-rl_caption=\"GO Immacul\u00e9e-Conception\" data-rel=\"lightbox-gallery-1\"><img loading=\"lazy\" decoding=\"async\" src=\"https:\/\/orgues-elbeuf.fr\/wp-content\/uploads\/2026\/02\/GOIC-Buffet-300x200.jpg\" width=\"300\" height=\"200\" alt=\"\" \/><\/a><\/div><div class=\"rl-gallery-item\"><a href=\"https:\/\/orgues-elbeuf.fr\/wp-content\/uploads\/2026\/02\/GOIC-Souvenir-Albert-Dupre.jpeg\" title=\"GOIC Souvenir Albert Dupr\u00e9\" data-rl_title=\"GOIC Souvenir Albert Dupr\u00e9\" class=\"rl-gallery-link\" data-rl_caption=\"M\u00e9morial install\u00e9 le 6 octobre 1960 par Marcel DUPR\u00c9 pour le centenaire de son p\u00e8re Albert DUPR\u00c9\" data-rel=\"lightbox-gallery-1\"><img loading=\"lazy\" decoding=\"async\" src=\"https:\/\/orgues-elbeuf.fr\/wp-content\/uploads\/2026\/02\/GOIC-Souvenir-Albert-Dupre-248x300.jpeg\" width=\"248\" height=\"300\" alt=\"\" \/><\/a><\/div><div class=\"rl-gallery-item\"><a href=\"https:\/\/orgues-elbeuf.fr\/wp-content\/uploads\/2026\/02\/GOIC-Programme-Inauguration-1881-scaled.jpeg\" title=\"GOIC Programme Inauguration 1881\" data-rl_title=\"GOIC Programme Inauguration 1881\" class=\"rl-gallery-link\" data-rl_caption=\"Inauguration par Alexandre GUILMANT le 23 octobre 1881\" data-rel=\"lightbox-gallery-1\"><img loading=\"lazy\" decoding=\"async\" src=\"https:\/\/orgues-elbeuf.fr\/wp-content\/uploads\/2026\/02\/GOIC-Programme-Inauguration-1881-200x300.jpeg\" width=\"200\" height=\"300\" alt=\"\" \/><\/a><\/div><div class=\"rl-gallery-item\"><a href=\"https:\/\/orgues-elbeuf.fr\/wp-content\/uploads\/2026\/02\/GOIC-Pedalier-scaled.jpeg\" title=\"GOIC P\u00e9dalier\" data-rl_title=\"GOIC P\u00e9dalier\" class=\"rl-gallery-link\" data-rl_caption=\"NB : le bandeau de couleur est neuf. L&#039;original a \u00e9t\u00e9 conserv\u00e9 en dessous.\" data-rel=\"lightbox-gallery-1\"><img loading=\"lazy\" decoding=\"async\" src=\"https:\/\/orgues-elbeuf.fr\/wp-content\/uploads\/2026\/02\/GOIC-Pedalier-300x225.jpeg\" width=\"300\" height=\"225\" alt=\"\" \/><\/a><\/div><div class=\"rl-gallery-item\"><a href=\"https:\/\/orgues-elbeuf.fr\/wp-content\/uploads\/2026\/02\/GOIC-Console-scaled.jpeg\" title=\"GOIC Console\" data-rl_title=\"GOIC Console\" class=\"rl-gallery-link\" data-rl_caption=\"Le registre de Voix Humaine a \u00e9t\u00e9 conserv\u00e9 m\u00eame si il commande maintenant une Cymbale II\" data-rel=\"lightbox-gallery-1\"><img loading=\"lazy\" decoding=\"async\" src=\"https:\/\/orgues-elbeuf.fr\/wp-content\/uploads\/2026\/02\/GOIC-Console-300x189.jpeg\" width=\"300\" height=\"189\" alt=\"\" \/><\/a><\/div><div class=\"rl-gallery-item\"><a href=\"https:\/\/orgues-elbeuf.fr\/wp-content\/uploads\/2026\/02\/IMG_2807-scaled.jpeg\" title=\"GOIC Abr\u00e9g\u00e9 P\u00e9dale\" data-rl_title=\"GOIC Abr\u00e9g\u00e9 P\u00e9dale\" class=\"rl-gallery-link\" data-rl_caption=\"\" data-rel=\"lightbox-gallery-1\"><img loading=\"lazy\" decoding=\"async\" src=\"https:\/\/orgues-elbeuf.fr\/wp-content\/uploads\/2026\/02\/IMG_2807-300x200.jpeg\" width=\"300\" height=\"200\" alt=\"\" \/><\/a><\/div><div class=\"rl-gallery-item\"><a href=\"https:\/\/orgues-elbeuf.fr\/wp-content\/uploads\/2026\/02\/Orgue028-scaled.jpeg\" title=\"GOIC Tuyauterie R\u00e9cit\" data-rl_title=\"GOIC Tuyauterie R\u00e9cit\" class=\"rl-gallery-link\" data-rl_caption=\"Tuyauterie organis\u00e9e de fa\u00e7on chromatique. &lt;br \/&gt; C\u00f4t\u00e9 fonds\" data-rel=\"lightbox-gallery-1\"><img loading=\"lazy\" decoding=\"async\" src=\"https:\/\/orgues-elbeuf.fr\/wp-content\/uploads\/2026\/02\/Orgue028-300x202.jpeg\" width=\"300\" height=\"202\" alt=\"\" \/><\/a><\/div><div class=\"rl-gallery-item\"><a href=\"https:\/\/orgues-elbeuf.fr\/wp-content\/uploads\/2026\/02\/Orgue029-scaled.jpeg\" title=\"GOIC Tuyauterie R\u00e9cit\" data-rl_title=\"GOIC Tuyauterie R\u00e9cit\" class=\"rl-gallery-link\" data-rl_caption=\"Tuyauterie organis\u00e9e de fa\u00e7on chromatique. &lt;br \/&gt; C\u00f4t\u00e9 Anches - La cymbale II est au premier rang suivie du Hautbois et de la trompette\" data-rel=\"lightbox-gallery-1\"><img loading=\"lazy\" decoding=\"async\" src=\"https:\/\/orgues-elbeuf.fr\/wp-content\/uploads\/2026\/02\/Orgue029-300x193.jpeg\" width=\"300\" height=\"193\" alt=\"\" \/><\/a><\/div><div class=\"rl-gallery-item\"><a href=\"https:\/\/orgues-elbeuf.fr\/wp-content\/uploads\/2026\/02\/Orgue030-scaled.jpeg\" title=\"GOIC : Tuyauterie du GO\" data-rl_title=\"GOIC : Tuyauterie du GO\" class=\"rl-gallery-link\" data-rl_caption=\"\" data-rel=\"lightbox-gallery-1\"><img loading=\"lazy\" decoding=\"async\" src=\"https:\/\/orgues-elbeuf.fr\/wp-content\/uploads\/2026\/02\/Orgue030-191x300.jpeg\" width=\"191\" height=\"300\" alt=\"\" \/><\/a><\/div><div class=\"rl-gallery-item\"><a href=\"https:\/\/orgues-elbeuf.fr\/wp-content\/uploads\/2026\/02\/Orgue035-scaled.jpeg\" title=\"GOIC anches GO\" data-rl_title=\"GOIC anches GO\" class=\"rl-gallery-link\" data-rl_caption=\"Anches GO : Basson 16, Trompette 8, Clairon 4\" data-rel=\"lightbox-gallery-1\"><img loading=\"lazy\" decoding=\"async\" src=\"https:\/\/orgues-elbeuf.fr\/wp-content\/uploads\/2026\/02\/Orgue035-192x300.jpeg\" width=\"192\" height=\"300\" alt=\"\" \/><\/a><\/div> <\/div> <div class=\"rl-pagination rl-pagination-bottom\"><span aria-current=\"page\" class=\"page-numbers current\">1<\/span> <a class=\"page-numbers\" href=\"https:\/\/orgues-elbeuf.fr\/wp-json\/wp\/v2\/pages\/55?rl_gallery_no=1&#038;rl_page=2\">2<\/a> <a class=\"next page-numbers\" href=\"https:\/\/orgues-elbeuf.fr\/wp-json\/wp\/v2\/pages\/55?rl_gallery_no=1&#038;rl_page=2\">Suivante \u00bb<\/a><\/div> <\/div><\/div>\n\n\n\n<p><\/p>\n","protected":false},"excerpt":{"rendered":"<p>Le Grand-Orgue de l\u2019Immacul\u00e9e-Conception est un instrument r\u00e9alis\u00e9 par Aristide Cavaill\u00e9-Coll. Il a \u00e9t\u00e9 inaugur\u00e9 en 1881 par Alexandre Guilmant. Il comporte 26 jeux r\u00e9partis sur 2 claviers de 56 notes et un p\u00e9dalier de 30 notes. La composition : Grand-Orgue R\u00e9cit P\u00e9dale Bourdon 16Montre 8Bourdon 8Fl\u00fbte Harmonique 8Salicional 8Prestant 4 Fl\u00fbte douce 4Doublette2Plein Jeu &hellip; <\/p>\n<p class=\"link-more\"><a href=\"https:\/\/orgues-elbeuf.fr\/index.php\/grand-orgue-de-limmaculee-conception\/\" class=\"more-link\">Lire la suite de<span class=\"screen-reader-text\">\u00ab\u00a0Grand Orgue de l&rsquo;Immacul\u00e9e-Conception\u00a0\u00bb<\/span><\/a><\/p>\n","protected":false},"author":1,"featured_media":0,"parent":0,"menu_order":0,"comment_status":"closed","ping_status":"closed","template":"","meta":{"inspiro_hide_title":false,"footnotes":""},"class_list":["post-55","page","type-page","status-publish","hentry"],"_links":{"self":[{"href":"https:\/\/orgues-elbeuf.fr\/index.php\/wp-json\/wp\/v2\/pages\/55","targetHints":{"allow":["GET"]}}],"collection":[{"href":"https:\/\/orgues-elbeuf.fr\/index.php\/wp-json\/wp\/v2\/pages"}],"about":[{"href":"https:\/\/orgues-elbeuf.fr\/index.php\/wp-json\/wp\/v2\/types\/page"}],"author":[{"embeddable":true,"href":"https:\/\/orgues-elbeuf.fr\/index.php\/wp-json\/wp\/v2\/users\/1"}],"replies":[{"embeddable":true,"href":"https:\/\/orgues-elbeuf.fr\/index.php\/wp-json\/wp\/v2\/comments?post=55"}],"version-history":[{"count":5,"href":"https:\/\/orgues-elbeuf.fr\/index.php\/wp-json\/wp\/v2\/pages\/55\/revisions"}],"predecessor-version":[{"id":343,"href":"https:\/\/orgues-elbeuf.fr\/index.php\/wp-json\/wp\/v2\/pages\/55\/revisions\/343"}],"wp:attachment":[{"href":"https:\/\/orgues-elbeuf.fr\/index.php\/wp-json\/wp\/v2\/media?parent=55"}],"curies":[{"name":"wp","href":"https:\/\/api.w.org\/{rel}","templated":true}]}}