{"id":58,"date":"2026-02-18T15:21:04","date_gmt":"2026-02-18T15:21:04","guid":{"rendered":"https:\/\/orgues-elbeuf.fr\/?page_id=58"},"modified":"2026-02-19T13:47:15","modified_gmt":"2026-02-19T13:47:15","slug":"grand-orgue-de-st-etienne","status":"publish","type":"page","link":"https:\/\/orgues-elbeuf.fr\/index.php\/grand-orgue-de-st-etienne\/","title":{"rendered":"Grand-Orgue de St Etienne"},"content":{"rendered":"\n<p>Le Grand-Orgue de St \u00c9tienne est un instrument r\u00e9alis\u00e9 par Aristide Cavaill\u00e9-Coll. Il a \u00e9t\u00e9 inaugur\u00e9 en 1898. Son buffet renaissance proviendrait de l\u2019\u00e9glise St \u00c9tienne des Tonneliers \u00e0 Rouen. Il comporte 22 jeux r\u00e9partis sur 2 claviers de 56 notes et un p\u00e9dalier de 30 notes.<\/p>\n\n\n\n<figure class=\"wp-block-table\"><table class=\"has-fixed-layout\"><tbody><tr><td>Grand-Orgue :<\/td><td>R\u00e9cit :<\/td><td>P\u00e9dale :<\/td><\/tr><tr><td>Bourdon 16<br>Montre 8<br>Bourdon 8<br>Fl\u00fbte Harmonique 8<br>Salicional 8<br>Prestant 4<br><br>Plein Jeu IV<br>Trompette 8<br>Clairon 4<\/td><td>Gambe 8<br>Voix C\u00e9leste 8<br>Fl\u00fbte harmonique 8<br>Fl\u00fbte octaviante 4<br>Octavin 2<br>Voix Humaine 8<br><br>Basson-Hautbois 8<br>Basson 16<br>Trompette 8<br>Clairon 4<\/td><td>Fl\u00fbte 16<br>Soubasse 16<br>Fl\u00fbte 8<\/td><\/tr><\/tbody><\/table><\/figure>\n\n\n\n<p>Tir GO, Tir R\u00e9c, Expression, Anches GO, Anches R\u00e9c., Commande GO, Acc GO\/R\u00e9c, Tremblant<\/p>\n\n\n\n<div class=\"wp-block-responsive-lightbox-gallery\"><div class=\"rl-gallery-container rl-loading\" id=\"rl-gallery-container-1\" data-gallery_id=\"213\"> <div class=\"rl-gallery rl-basicgrid-gallery \" id=\"rl-gallery-1\" data-gallery_no=\"1\"> <div class=\"rl-gallery-item\"><a href=\"https:\/\/orgues-elbeuf.fr\/wp-content\/uploads\/2026\/02\/GOStEtienne-Buffet2.jpeg\" title=\"\" data-rl_title=\"\" class=\"rl-gallery-link\" data-rl_caption=\"\" data-rel=\"lightbox-gallery-1\"><img loading=\"lazy\" decoding=\"async\" src=\"https:\/\/orgues-elbeuf.fr\/wp-content\/uploads\/2026\/02\/GOStEtienne-Buffet2-300x200.jpeg\" width=\"300\" height=\"200\" alt=\"\" \/><\/a><\/div><div class=\"rl-gallery-item\"><a href=\"https:\/\/orgues-elbeuf.fr\/wp-content\/uploads\/2026\/02\/GOStEtienne-Buffet-large.jpeg\" title=\"\" data-rl_title=\"\" class=\"rl-gallery-link\" data-rl_caption=\"\" data-rel=\"lightbox-gallery-1\"><img loading=\"lazy\" decoding=\"async\" src=\"https:\/\/orgues-elbeuf.fr\/wp-content\/uploads\/2026\/02\/GOStEtienne-Buffet-large-200x300.jpeg\" width=\"200\" height=\"300\" alt=\"\" \/><\/a><\/div><div class=\"rl-gallery-item\"><a href=\"https:\/\/orgues-elbeuf.fr\/wp-content\/uploads\/2026\/02\/GOStEtienne-Statue.jpeg\" title=\"\" data-rl_title=\"\" class=\"rl-gallery-link\" data-rl_caption=\"\" data-rel=\"lightbox-gallery-1\"><img loading=\"lazy\" decoding=\"async\" src=\"https:\/\/orgues-elbeuf.fr\/wp-content\/uploads\/2026\/02\/GOStEtienne-Statue-200x300.jpeg\" width=\"200\" height=\"300\" alt=\"\" \/><\/a><\/div><div class=\"rl-gallery-item\"><a href=\"https:\/\/orgues-elbeuf.fr\/wp-content\/uploads\/2026\/02\/GOStEtienne-Buffet1.jpeg\" title=\"\" data-rl_title=\"\" class=\"rl-gallery-link\" data-rl_caption=\"\" data-rel=\"lightbox-gallery-1\"><img loading=\"lazy\" decoding=\"async\" src=\"https:\/\/orgues-elbeuf.fr\/wp-content\/uploads\/2026\/02\/GOStEtienne-Buffet1-200x300.jpeg\" width=\"200\" height=\"300\" alt=\"\" \/><\/a><\/div><div class=\"rl-gallery-item\"><a href=\"https:\/\/orgues-elbeuf.fr\/wp-content\/uploads\/2026\/02\/GOStEienne-Detail-buffet1-scaled.jpeg\" title=\"\" data-rl_title=\"\" class=\"rl-gallery-link\" data-rl_caption=\"\" data-rel=\"lightbox-gallery-1\"><img loading=\"lazy\" decoding=\"async\" src=\"https:\/\/orgues-elbeuf.fr\/wp-content\/uploads\/2026\/02\/GOStEienne-Detail-buffet1-300x225.jpeg\" width=\"300\" height=\"225\" alt=\"\" \/><\/a><\/div><div class=\"rl-gallery-item\"><a href=\"https:\/\/orgues-elbeuf.fr\/wp-content\/uploads\/2026\/02\/GOStEienne-Detail-buffet2-scaled.jpeg\" title=\"\" data-rl_title=\"\" class=\"rl-gallery-link\" data-rl_caption=\"\" data-rel=\"lightbox-gallery-1\"><img loading=\"lazy\" decoding=\"async\" src=\"https:\/\/orgues-elbeuf.fr\/wp-content\/uploads\/2026\/02\/GOStEienne-Detail-buffet2-300x200.jpeg\" width=\"300\" height=\"200\" alt=\"\" \/><\/a><\/div><div class=\"rl-gallery-item\"><a href=\"https:\/\/orgues-elbeuf.fr\/wp-content\/uploads\/2026\/02\/GOStEienne-Console-scaled.jpeg\" title=\"\" data-rl_title=\"\" class=\"rl-gallery-link\" data-rl_caption=\"\" data-rel=\"lightbox-gallery-1\"><img loading=\"lazy\" decoding=\"async\" src=\"https:\/\/orgues-elbeuf.fr\/wp-content\/uploads\/2026\/02\/GOStEienne-Console-300x200.jpeg\" width=\"300\" height=\"200\" alt=\"\" \/><\/a><\/div><div class=\"rl-gallery-item\"><a href=\"https:\/\/orgues-elbeuf.fr\/wp-content\/uploads\/2026\/02\/DSC05246-scaled.jpeg\" title=\"\" data-rl_title=\"\" class=\"rl-gallery-link\" data-rl_caption=\"\" data-rel=\"lightbox-gallery-1\"><img loading=\"lazy\" decoding=\"async\" src=\"https:\/\/orgues-elbeuf.fr\/wp-content\/uploads\/2026\/02\/DSC05246-300x200.jpeg\" width=\"300\" height=\"200\" alt=\"\" \/><\/a><\/div><div class=\"rl-gallery-item\"><a href=\"https:\/\/orgues-elbeuf.fr\/wp-content\/uploads\/2026\/02\/DSC05273-scaled.jpeg\" title=\"\" data-rl_title=\"\" class=\"rl-gallery-link\" data-rl_caption=\"\" data-rel=\"lightbox-gallery-1\"><img loading=\"lazy\" decoding=\"async\" src=\"https:\/\/orgues-elbeuf.fr\/wp-content\/uploads\/2026\/02\/DSC05273-200x300.jpeg\" width=\"200\" height=\"300\" alt=\"\" \/><\/a><\/div><div class=\"rl-gallery-item\"><a href=\"https:\/\/orgues-elbeuf.fr\/wp-content\/uploads\/2026\/02\/IMG_2800.jpeg\" title=\"\" data-rl_title=\"\" class=\"rl-gallery-link\" data-rl_caption=\"\" data-rel=\"lightbox-gallery-1\"><img loading=\"lazy\" decoding=\"async\" src=\"https:\/\/orgues-elbeuf.fr\/wp-content\/uploads\/2026\/02\/IMG_2800-300x200.jpeg\" width=\"300\" height=\"200\" alt=\"\" \/><\/a><\/div><div class=\"rl-gallery-item\"><a href=\"https:\/\/orgues-elbeuf.fr\/wp-content\/uploads\/2026\/02\/IMG_8910-scaled.jpeg\" title=\"\" data-rl_title=\"\" class=\"rl-gallery-link\" data-rl_caption=\"\" data-rel=\"lightbox-gallery-1\"><img loading=\"lazy\" decoding=\"async\" src=\"https:\/\/orgues-elbeuf.fr\/wp-content\/uploads\/2026\/02\/IMG_8910-300x225.jpeg\" width=\"300\" height=\"225\" alt=\"\" \/><\/a><\/div><div class=\"rl-gallery-item\"><a href=\"https:\/\/orgues-elbeuf.fr\/wp-content\/uploads\/2026\/02\/IMG_8912-scaled.jpeg\" title=\"\" data-rl_title=\"\" class=\"rl-gallery-link\" data-rl_caption=\"\" data-rel=\"lightbox-gallery-1\"><img loading=\"lazy\" decoding=\"async\" src=\"https:\/\/orgues-elbeuf.fr\/wp-content\/uploads\/2026\/02\/IMG_8912-300x246.jpeg\" width=\"300\" height=\"246\" alt=\"\" \/><\/a><\/div><div class=\"rl-gallery-item\"><a href=\"https:\/\/orgues-elbeuf.fr\/wp-content\/uploads\/2026\/02\/IMG_8874-scaled.jpeg\" title=\"\" data-rl_title=\"\" class=\"rl-gallery-link\" data-rl_caption=\"\" data-rel=\"lightbox-gallery-1\"><img loading=\"lazy\" decoding=\"async\" src=\"https:\/\/orgues-elbeuf.fr\/wp-content\/uploads\/2026\/02\/IMG_8874-225x300.jpeg\" width=\"225\" height=\"300\" alt=\"\" \/><\/a><\/div> <\/div> <\/div><\/div>\n","protected":false},"excerpt":{"rendered":"<p>Le Grand-Orgue de St \u00c9tienne est un instrument r\u00e9alis\u00e9 par Aristide Cavaill\u00e9-Coll. Il a \u00e9t\u00e9 inaugur\u00e9 en 1898. Son buffet renaissance proviendrait de l\u2019\u00e9glise St \u00c9tienne des Tonneliers \u00e0 Rouen. Il comporte 22 jeux r\u00e9partis sur 2 claviers de 56 notes et un p\u00e9dalier de 30 notes. Grand-Orgue : R\u00e9cit : P\u00e9dale : Bourdon 16Montre &hellip; <\/p>\n<p class=\"link-more\"><a href=\"https:\/\/orgues-elbeuf.fr\/index.php\/grand-orgue-de-st-etienne\/\" class=\"more-link\">Lire la suite de<span class=\"screen-reader-text\">\u00ab\u00a0Grand-Orgue de St Etienne\u00a0\u00bb<\/span><\/a><\/p>\n","protected":false},"author":1,"featured_media":0,"parent":0,"menu_order":0,"comment_status":"closed","ping_status":"closed","template":"","meta":{"inspiro_hide_title":false,"footnotes":""},"class_list":["post-58","page","type-page","status-publish","hentry"],"_links":{"self":[{"href":"https:\/\/orgues-elbeuf.fr\/index.php\/wp-json\/wp\/v2\/pages\/58","targetHints":{"allow":["GET"]}}],"collection":[{"href":"https:\/\/orgues-elbeuf.fr\/index.php\/wp-json\/wp\/v2\/pages"}],"about":[{"href":"https:\/\/orgues-elbeuf.fr\/index.php\/wp-json\/wp\/v2\/types\/page"}],"author":[{"embeddable":true,"href":"https:\/\/orgues-elbeuf.fr\/index.php\/wp-json\/wp\/v2\/users\/1"}],"replies":[{"embeddable":true,"href":"https:\/\/orgues-elbeuf.fr\/index.php\/wp-json\/wp\/v2\/comments?post=58"}],"version-history":[{"count":2,"href":"https:\/\/orgues-elbeuf.fr\/index.php\/wp-json\/wp\/v2\/pages\/58\/revisions"}],"predecessor-version":[{"id":214,"href":"https:\/\/orgues-elbeuf.fr\/index.php\/wp-json\/wp\/v2\/pages\/58\/revisions\/214"}],"wp:attachment":[{"href":"https:\/\/orgues-elbeuf.fr\/index.php\/wp-json\/wp\/v2\/media?parent=58"}],"curies":[{"name":"wp","href":"https:\/\/api.w.org\/{rel}","templated":true}]}}