{"id":60,"date":"2026-02-18T15:23:26","date_gmt":"2026-02-18T15:23:26","guid":{"rendered":"https:\/\/orgues-elbeuf.fr\/?page_id=60"},"modified":"2026-02-19T13:44:56","modified_gmt":"2026-02-19T13:44:56","slug":"grand-orgue-de-st-jean","status":"publish","type":"page","link":"https:\/\/orgues-elbeuf.fr\/index.php\/grand-orgue-de-st-jean\/","title":{"rendered":"Grand-Orgue de St Jean"},"content":{"rendered":"\n<p>Le Grand-Orgue de St Jean-Baptiste est un instrument r\u00e9alis\u00e9 par Aristide Cavaill\u00e9-Coll en utilisant en partie du mat\u00e9riel ancien. Il a \u00e9t\u00e9 inaugur\u00e9 en 1857. Son buffet du XVIII<sup>\u00e8me<\/sup>&nbsp;proviendrait de Rouen. Il comporte 40 jeux r\u00e9partis sur 3 claviers de 54 notes et un p\u00e9dalier de 30 notes.<\/p>\n\n\n\n<p>La composition :<\/p>\n\n\n\n<figure class=\"wp-block-table\"><table class=\"has-fixed-layout\"><tbody><tr><td>I. Positif :<\/td><td>II. Grand-Orgue :<\/td><\/tr><tr><td>Salicional 8<br>Unda Maris 8<br>Bourdon 8<br>Prestant 4<br>Fl\u00fbte octaviante 4<br>Octavin 2<br>Larigot 1 1\/3<br>Nasard 2 2\/3<br>Tierce 1 3\/5<br>Cromorne 8<br>Cor anglais-Hautbois 8<br>Clairon 4<\/td><td>Bourdon 16<br>Montre 8<br>Bourdon 8<br>Fl\u00fbte harmonique 8<br>Viole d\u2019amour 8<br>Prestant 4<br>Fl\u00fbte douce 4<br>Quinte 2 2\/3<br>Doublette 2<br>Progression harmonique II\/V<br>Cornet V<br>Cymbale II<br>Bombarde 16<br>Trompette 8<br>Clairon 4<\/td><\/tr><tr><td>III. R\u00e9cit&nbsp; Expressif:<\/td><td>P\u00e9dale :<\/td><\/tr><tr><td>Fl\u00fbte traversi\u00e8re 8<br>Gambe 8<br>Voix C\u00e9leste 8&nbsp;<br>Fl\u00fbte octaviante 4<br>Octavin 2<br>Trompette 8<br>Basson-Hautbois 8<br>Voix Humaine 8<\/td><td>Fl\u00fbte 16<br>Fl\u00fbte 8<br>Bombarde 16<br>Trompette 8<br>Clairon 4<\/td><\/tr><\/tbody><\/table><\/figure>\n\n\n\n<p>Tir GO, Expression, Anches GO, Anches R\u00e9c., Anches Pos, Appel Anches P\u00e9d, renvoi Anches P\u00e9d, Introduction GO, Acc GO\/R\u00e9c, Pos\/R\u00e9c, GO\/Pos, Tremblant r\u00e9cit<\/p>\n\n\n\n<p>Le grand orgue n\u00e9cessite une restauration de certains de ses jeux, de sa soufflerie et diff\u00e9rents r\u00e9glages de sa m\u00e9canique. Cependant la beaut\u00e9 de l&rsquo;instrument peut justifier une visite.<\/p>\n\n\n\n<div class=\"wp-block-responsive-lightbox-gallery\"><div class=\"rl-gallery-container rl-loading\" id=\"rl-gallery-container-1\" data-gallery_id=\"208\"> <div class=\"rl-gallery rl-basicgrid-gallery \" id=\"rl-gallery-1\" data-gallery_no=\"1\"> <div class=\"rl-gallery-item\"><a href=\"https:\/\/orgues-elbeuf.fr\/wp-content\/uploads\/2026\/02\/GOStJean-Console.jpeg\" title=\"\" data-rl_title=\"\" class=\"rl-gallery-link\" data-rl_caption=\"\" data-rel=\"lightbox-gallery-1\"><img loading=\"lazy\" decoding=\"async\" src=\"https:\/\/orgues-elbeuf.fr\/wp-content\/uploads\/2026\/02\/GOStJean-Console-221x300.jpeg\" width=\"221\" height=\"300\" alt=\"\" \/><\/a><\/div><div class=\"rl-gallery-item\"><a href=\"https:\/\/orgues-elbeuf.fr\/wp-content\/uploads\/2026\/02\/GOStJean-Claviers.jpeg\" title=\"\" data-rl_title=\"\" class=\"rl-gallery-link\" data-rl_caption=\"\" data-rel=\"lightbox-gallery-1\"><img loading=\"lazy\" decoding=\"async\" src=\"https:\/\/orgues-elbeuf.fr\/wp-content\/uploads\/2026\/02\/GOStJean-Claviers-300x224.jpeg\" width=\"300\" height=\"224\" alt=\"\" \/><\/a><\/div><div class=\"rl-gallery-item\"><a href=\"https:\/\/orgues-elbeuf.fr\/wp-content\/uploads\/2026\/02\/GOStJean-Buffet.jpeg\" title=\"\" data-rl_title=\"\" class=\"rl-gallery-link\" data-rl_caption=\"\" data-rel=\"lightbox-gallery-1\"><img loading=\"lazy\" decoding=\"async\" src=\"https:\/\/orgues-elbeuf.fr\/wp-content\/uploads\/2026\/02\/GOStJean-Buffet-200x300.jpeg\" width=\"200\" height=\"300\" alt=\"\" \/><\/a><\/div><div class=\"rl-gallery-item\"><a href=\"https:\/\/orgues-elbeuf.fr\/wp-content\/uploads\/2026\/02\/GOStJean-Buffet-large.jpeg\" title=\"\" data-rl_title=\"\" class=\"rl-gallery-link\" data-rl_caption=\"\" data-rel=\"lightbox-gallery-1\"><img loading=\"lazy\" decoding=\"async\" src=\"https:\/\/orgues-elbeuf.fr\/wp-content\/uploads\/2026\/02\/GOStJean-Buffet-large-200x300.jpeg\" width=\"200\" height=\"300\" alt=\"\" \/><\/a><\/div><div class=\"rl-gallery-item\"><a href=\"https:\/\/orgues-elbeuf.fr\/wp-content\/uploads\/2026\/02\/GOStJean-Abrege-Recit.jpeg\" title=\"\" data-rl_title=\"\" class=\"rl-gallery-link\" data-rl_caption=\"\" data-rel=\"lightbox-gallery-1\"><img loading=\"lazy\" decoding=\"async\" src=\"https:\/\/orgues-elbeuf.fr\/wp-content\/uploads\/2026\/02\/GOStJean-Abrege-Recit-300x200.jpeg\" width=\"300\" height=\"200\" alt=\"\" \/><\/a><\/div><div class=\"rl-gallery-item\"><a href=\"https:\/\/orgues-elbeuf.fr\/wp-content\/uploads\/2026\/02\/GOStJean-Buffet-positif.jpeg\" title=\"\" data-rl_title=\"\" class=\"rl-gallery-link\" data-rl_caption=\"\" data-rel=\"lightbox-gallery-1\"><img loading=\"lazy\" decoding=\"async\" src=\"https:\/\/orgues-elbeuf.fr\/wp-content\/uploads\/2026\/02\/GOStJean-Buffet-positif-300x200.jpeg\" width=\"300\" height=\"200\" alt=\"\" \/><\/a><\/div><div class=\"rl-gallery-item\"><a href=\"https:\/\/orgues-elbeuf.fr\/wp-content\/uploads\/2026\/02\/GOStJean-Coupe.jpg\" title=\"\" data-rl_title=\"\" class=\"rl-gallery-link\" data-rl_caption=\"\" data-rel=\"lightbox-gallery-1\"><img loading=\"lazy\" decoding=\"async\" src=\"https:\/\/orgues-elbeuf.fr\/wp-content\/uploads\/2026\/02\/GOStJean-Coupe-258x300.jpg\" width=\"258\" height=\"300\" alt=\"\" \/><\/a><\/div><div class=\"rl-gallery-item\"><a href=\"https:\/\/orgues-elbeuf.fr\/wp-content\/uploads\/2026\/02\/GOStJean-Angelot-1.jpeg\" title=\"\" data-rl_title=\"\" class=\"rl-gallery-link\" data-rl_caption=\"\" data-rel=\"lightbox-gallery-1\"><img loading=\"lazy\" decoding=\"async\" src=\"https:\/\/orgues-elbeuf.fr\/wp-content\/uploads\/2026\/02\/GOStJean-Angelot-1-200x300.jpeg\" width=\"200\" height=\"300\" alt=\"\" \/><\/a><\/div><div class=\"rl-gallery-item\"><a href=\"https:\/\/orgues-elbeuf.fr\/wp-content\/uploads\/2026\/02\/GOStJean-Angelot-3.jpeg\" title=\"\" data-rl_title=\"\" class=\"rl-gallery-link\" data-rl_caption=\"\" data-rel=\"lightbox-gallery-1\"><img loading=\"lazy\" decoding=\"async\" src=\"https:\/\/orgues-elbeuf.fr\/wp-content\/uploads\/2026\/02\/GOStJean-Angelot-3-200x300.jpeg\" width=\"200\" height=\"300\" alt=\"\" \/><\/a><\/div><div class=\"rl-gallery-item\"><a href=\"https:\/\/orgues-elbeuf.fr\/wp-content\/uploads\/2026\/02\/GOStJean-Angelot-2.jpeg\" title=\"\" data-rl_title=\"\" class=\"rl-gallery-link\" data-rl_caption=\"\" data-rel=\"lightbox-gallery-1\"><img loading=\"lazy\" decoding=\"async\" src=\"https:\/\/orgues-elbeuf.fr\/wp-content\/uploads\/2026\/02\/GOStJean-Angelot-2-200x300.jpeg\" width=\"200\" height=\"300\" alt=\"\" \/><\/a><\/div><div class=\"rl-gallery-item\"><a href=\"https:\/\/orgues-elbeuf.fr\/wp-content\/uploads\/2026\/02\/DSC08394-scaled.jpeg\" title=\"\" data-rl_title=\"\" class=\"rl-gallery-link\" data-rl_caption=\"\" data-rel=\"lightbox-gallery-1\"><img loading=\"lazy\" decoding=\"async\" src=\"https:\/\/orgues-elbeuf.fr\/wp-content\/uploads\/2026\/02\/DSC08394-300x200.jpeg\" width=\"300\" height=\"200\" alt=\"\" \/><\/a><\/div><div class=\"rl-gallery-item\"><a href=\"https:\/\/orgues-elbeuf.fr\/wp-content\/uploads\/2026\/02\/DSC08625-scaled.jpeg\" title=\"\" data-rl_title=\"\" class=\"rl-gallery-link\" data-rl_caption=\"\" data-rel=\"lightbox-gallery-1\"><img loading=\"lazy\" decoding=\"async\" src=\"https:\/\/orgues-elbeuf.fr\/wp-content\/uploads\/2026\/02\/DSC08625-200x300.jpeg\" width=\"200\" height=\"300\" alt=\"\" \/><\/a><\/div><div class=\"rl-gallery-item\"><a href=\"https:\/\/orgues-elbeuf.fr\/wp-content\/uploads\/2026\/02\/IMG_8866-scaled.jpeg\" title=\"\" data-rl_title=\"\" class=\"rl-gallery-link\" data-rl_caption=\"\" data-rel=\"lightbox-gallery-1\"><img loading=\"lazy\" decoding=\"async\" src=\"https:\/\/orgues-elbeuf.fr\/wp-content\/uploads\/2026\/02\/IMG_8866-225x300.jpeg\" width=\"225\" height=\"300\" alt=\"\" \/><\/a><\/div><div class=\"rl-gallery-item\"><a href=\"https:\/\/orgues-elbeuf.fr\/wp-content\/uploads\/2026\/02\/IMG_8867-scaled.jpeg\" title=\"\" data-rl_title=\"\" class=\"rl-gallery-link\" data-rl_caption=\"\" data-rel=\"lightbox-gallery-1\"><img loading=\"lazy\" decoding=\"async\" src=\"https:\/\/orgues-elbeuf.fr\/wp-content\/uploads\/2026\/02\/IMG_8867-300x225.jpeg\" width=\"300\" height=\"225\" alt=\"\" \/><\/a><\/div><div class=\"rl-gallery-item\"><a href=\"https:\/\/orgues-elbeuf.fr\/wp-content\/uploads\/2026\/02\/IMG_3934-scaled.jpeg\" title=\"\" data-rl_title=\"\" class=\"rl-gallery-link\" data-rl_caption=\"\" data-rel=\"lightbox-gallery-1\"><img loading=\"lazy\" decoding=\"async\" src=\"https:\/\/orgues-elbeuf.fr\/wp-content\/uploads\/2026\/02\/IMG_3934-200x300.jpeg\" width=\"200\" height=\"300\" alt=\"\" \/><\/a><\/div><div class=\"rl-gallery-item\"><a href=\"https:\/\/orgues-elbeuf.fr\/wp-content\/uploads\/2026\/02\/IMG_3964-scaled.jpeg\" title=\"\" data-rl_title=\"\" class=\"rl-gallery-link\" data-rl_caption=\"\" data-rel=\"lightbox-gallery-1\"><img loading=\"lazy\" decoding=\"async\" src=\"https:\/\/orgues-elbeuf.fr\/wp-content\/uploads\/2026\/02\/IMG_3964-200x300.jpeg\" width=\"200\" height=\"300\" alt=\"\" \/><\/a><\/div><div class=\"rl-gallery-item\"><a href=\"https:\/\/orgues-elbeuf.fr\/wp-content\/uploads\/2026\/02\/IMG_3966-scaled.jpeg\" title=\"\" data-rl_title=\"\" class=\"rl-gallery-link\" data-rl_caption=\"\" data-rel=\"lightbox-gallery-1\"><img loading=\"lazy\" decoding=\"async\" src=\"https:\/\/orgues-elbeuf.fr\/wp-content\/uploads\/2026\/02\/IMG_3966-300x200.jpeg\" width=\"300\" height=\"200\" alt=\"\" \/><\/a><\/div><div class=\"rl-gallery-item\"><a href=\"https:\/\/orgues-elbeuf.fr\/wp-content\/uploads\/2026\/02\/IMG_3969-scaled.jpeg\" title=\"\" data-rl_title=\"\" class=\"rl-gallery-link\" data-rl_caption=\"\" data-rel=\"lightbox-gallery-1\"><img loading=\"lazy\" decoding=\"async\" src=\"https:\/\/orgues-elbeuf.fr\/wp-content\/uploads\/2026\/02\/IMG_3969-300x200.jpeg\" width=\"300\" height=\"200\" alt=\"\" \/><\/a><\/div><div class=\"rl-gallery-item\"><a href=\"https:\/\/orgues-elbeuf.fr\/wp-content\/uploads\/2026\/02\/IMG_4010-scaled.jpeg\" title=\"\" data-rl_title=\"\" class=\"rl-gallery-link\" data-rl_caption=\"\" data-rel=\"lightbox-gallery-1\"><img loading=\"lazy\" decoding=\"async\" src=\"https:\/\/orgues-elbeuf.fr\/wp-content\/uploads\/2026\/02\/IMG_4010-300x200.jpeg\" width=\"300\" height=\"200\" alt=\"\" \/><\/a><\/div><div class=\"rl-gallery-item\"><a href=\"https:\/\/orgues-elbeuf.fr\/wp-content\/uploads\/2026\/02\/2018-Pierres-en-Lumieres-scaled.jpeg\" title=\"\" data-rl_title=\"\" class=\"rl-gallery-link\" data-rl_caption=\"\" data-rel=\"lightbox-gallery-1\"><img loading=\"lazy\" decoding=\"async\" src=\"https:\/\/orgues-elbeuf.fr\/wp-content\/uploads\/2026\/02\/2018-Pierres-en-Lumieres-300x200.jpeg\" width=\"300\" height=\"200\" alt=\"\" \/><\/a><\/div> <\/div> <\/div><\/div>\n","protected":false},"excerpt":{"rendered":"<p>Le Grand-Orgue de St Jean-Baptiste est un instrument r\u00e9alis\u00e9 par Aristide Cavaill\u00e9-Coll en utilisant en partie du mat\u00e9riel ancien. Il a \u00e9t\u00e9 inaugur\u00e9 en 1857. Son buffet du XVIII\u00e8me&nbsp;proviendrait de Rouen. Il comporte 40 jeux r\u00e9partis sur 3 claviers de 54 notes et un p\u00e9dalier de 30 notes. La composition : I. Positif : II. &hellip; <\/p>\n<p class=\"link-more\"><a href=\"https:\/\/orgues-elbeuf.fr\/index.php\/grand-orgue-de-st-jean\/\" class=\"more-link\">Lire la suite de<span class=\"screen-reader-text\">\u00ab\u00a0Grand-Orgue de St Jean\u00a0\u00bb<\/span><\/a><\/p>\n","protected":false},"author":1,"featured_media":0,"parent":0,"menu_order":0,"comment_status":"closed","ping_status":"closed","template":"","meta":{"inspiro_hide_title":false,"footnotes":""},"class_list":["post-60","page","type-page","status-publish","hentry"],"_links":{"self":[{"href":"https:\/\/orgues-elbeuf.fr\/index.php\/wp-json\/wp\/v2\/pages\/60","targetHints":{"allow":["GET"]}}],"collection":[{"href":"https:\/\/orgues-elbeuf.fr\/index.php\/wp-json\/wp\/v2\/pages"}],"about":[{"href":"https:\/\/orgues-elbeuf.fr\/index.php\/wp-json\/wp\/v2\/types\/page"}],"author":[{"embeddable":true,"href":"https:\/\/orgues-elbeuf.fr\/index.php\/wp-json\/wp\/v2\/users\/1"}],"replies":[{"embeddable":true,"href":"https:\/\/orgues-elbeuf.fr\/index.php\/wp-json\/wp\/v2\/comments?post=60"}],"version-history":[{"count":4,"href":"https:\/\/orgues-elbeuf.fr\/index.php\/wp-json\/wp\/v2\/pages\/60\/revisions"}],"predecessor-version":[{"id":211,"href":"https:\/\/orgues-elbeuf.fr\/index.php\/wp-json\/wp\/v2\/pages\/60\/revisions\/211"}],"wp:attachment":[{"href":"https:\/\/orgues-elbeuf.fr\/index.php\/wp-json\/wp\/v2\/media?parent=60"}],"curies":[{"name":"wp","href":"https:\/\/api.w.org\/{rel}","templated":true}]}}