{"id":69,"date":"2026-02-18T15:39:21","date_gmt":"2026-02-18T15:39:21","guid":{"rendered":"https:\/\/orgues-elbeuf.fr\/?page_id=69"},"modified":"2026-02-19T14:42:04","modified_gmt":"2026-02-19T14:42:04","slug":"lorgue-de-choeur-de-st-etienne","status":"publish","type":"page","link":"https:\/\/orgues-elbeuf.fr\/index.php\/lorgue-de-choeur-de-st-etienne\/","title":{"rendered":"Orgue de Choeur de St \u00c9tienne"},"content":{"rendered":"\n<p>L\u2019Orgue de Choeur de St \u00c9tienne a \u00e9t\u00e9 construit par Aristide Cavaill\u00e9-Coll en 1882. Le buffet correspond au&nbsp;Mod\u00e8le19&nbsp;et sa composition au&nbsp;Mod\u00e8le17&nbsp;du catalogue de la maison Cavaill\u00e9-Coll. Il poss\u00e8de 6 jeux 1\/2 sur un clavier expressif avec un p\u00e9dalier en tirasse permanente.<\/p>\n\n\n\n<p>La composition :<\/p>\n\n\n\n<figure class=\"wp-block-table\"><table class=\"has-fixed-layout\"><tbody><tr><td>Clavier expressif<\/td><\/tr><tr><td>Montre 8<br>Basse de Bourdon 8<br>Dessus de Fl\u00fbte Harmonique 8&nbsp;<br>Voix c\u00e9leste 8<br>Prestant 4<br>Octavin 2<br>Dessus de Hautbois<br>Trompette 8<\/td><\/tr><\/tbody><\/table><\/figure>\n\n\n\n<p>P\u00e9dales de combinaison :<\/p>\n\n\n\n<p>Expression \u00e0 la cuill\u00e8re, Appel\/Renvoi Trompette<\/p>\n\n\n\n<div class=\"wp-block-responsive-lightbox-gallery\"><div class=\"rl-gallery-container rl-loading\" id=\"rl-gallery-container-1\" data-gallery_id=\"263\"> <div class=\"rl-gallery rl-basicgrid-gallery \" id=\"rl-gallery-1\" data-gallery_no=\"1\"> <div class=\"rl-gallery-item\"><a href=\"https:\/\/orgues-elbeuf.fr\/wp-content\/uploads\/2026\/02\/DSC05226-scaled.jpeg\" title=\"\" data-rl_title=\"\" class=\"rl-gallery-link\" data-rl_caption=\"\" data-rel=\"lightbox-gallery-1\"><img loading=\"lazy\" decoding=\"async\" src=\"https:\/\/orgues-elbeuf.fr\/wp-content\/uploads\/2026\/02\/DSC05226-300x200.jpeg\" width=\"300\" height=\"200\" alt=\"\" \/><\/a><\/div><div class=\"rl-gallery-item\"><a href=\"https:\/\/orgues-elbeuf.fr\/wp-content\/uploads\/2026\/02\/DSC05233-scaled.jpeg\" title=\"\" data-rl_title=\"\" class=\"rl-gallery-link\" data-rl_caption=\"\" data-rel=\"lightbox-gallery-1\"><img loading=\"lazy\" decoding=\"async\" src=\"https:\/\/orgues-elbeuf.fr\/wp-content\/uploads\/2026\/02\/DSC05233-300x200.jpeg\" width=\"300\" height=\"200\" alt=\"\" \/><\/a><\/div><div class=\"rl-gallery-item\"><a href=\"https:\/\/orgues-elbeuf.fr\/wp-content\/uploads\/2026\/02\/POStEtienne-Buffet.jpeg\" title=\"\" data-rl_title=\"\" class=\"rl-gallery-link\" data-rl_caption=\"\" data-rel=\"lightbox-gallery-1\"><img loading=\"lazy\" decoding=\"async\" src=\"https:\/\/orgues-elbeuf.fr\/wp-content\/uploads\/2026\/02\/POStEtienne-Buffet-223x300.jpeg\" width=\"223\" height=\"300\" alt=\"\" \/><\/a><\/div><div class=\"rl-gallery-item\"><a href=\"https:\/\/orgues-elbeuf.fr\/wp-content\/uploads\/2026\/02\/DSC05227-scaled.jpeg\" title=\"\" data-rl_title=\"\" class=\"rl-gallery-link\" data-rl_caption=\"\" data-rel=\"lightbox-gallery-1\"><img loading=\"lazy\" decoding=\"async\" src=\"https:\/\/orgues-elbeuf.fr\/wp-content\/uploads\/2026\/02\/DSC05227-200x300.jpeg\" width=\"200\" height=\"300\" alt=\"\" \/><\/a><\/div><div class=\"rl-gallery-item\"><a href=\"https:\/\/orgues-elbeuf.fr\/wp-content\/uploads\/2026\/02\/POStEtienne-Console.jpeg\" title=\"\" data-rl_title=\"\" class=\"rl-gallery-link\" data-rl_caption=\"\" data-rel=\"lightbox-gallery-1\"><img loading=\"lazy\" decoding=\"async\" src=\"https:\/\/orgues-elbeuf.fr\/wp-content\/uploads\/2026\/02\/POStEtienne-Console-300x200.jpeg\" width=\"300\" height=\"200\" alt=\"\" \/><\/a><\/div><div class=\"rl-gallery-item\"><a href=\"https:\/\/orgues-elbeuf.fr\/wp-content\/uploads\/2026\/02\/DSC05231-scaled.jpeg\" title=\"\" data-rl_title=\"\" class=\"rl-gallery-link\" data-rl_caption=\"\" data-rel=\"lightbox-gallery-1\"><img loading=\"lazy\" decoding=\"async\" src=\"https:\/\/orgues-elbeuf.fr\/wp-content\/uploads\/2026\/02\/DSC05231-200x300.jpeg\" width=\"200\" height=\"300\" alt=\"\" \/><\/a><\/div><div class=\"rl-gallery-item\"><a href=\"https:\/\/orgues-elbeuf.fr\/wp-content\/uploads\/2026\/02\/DSC05237-scaled.jpeg\" title=\"\" data-rl_title=\"\" class=\"rl-gallery-link\" data-rl_caption=\"\" data-rel=\"lightbox-gallery-1\"><img loading=\"lazy\" decoding=\"async\" src=\"https:\/\/orgues-elbeuf.fr\/wp-content\/uploads\/2026\/02\/DSC05237-300x200.jpeg\" width=\"300\" height=\"200\" alt=\"\" \/><\/a><\/div><div class=\"rl-gallery-item\"><a href=\"https:\/\/orgues-elbeuf.fr\/wp-content\/uploads\/2026\/02\/IMG_4733-scaled.jpeg\" title=\"\" data-rl_title=\"\" class=\"rl-gallery-link\" data-rl_caption=\"\" data-rel=\"lightbox-gallery-1\"><img loading=\"lazy\" decoding=\"async\" src=\"https:\/\/orgues-elbeuf.fr\/wp-content\/uploads\/2026\/02\/IMG_4733-300x200.jpeg\" width=\"300\" height=\"200\" alt=\"\" \/><\/a><\/div><div class=\"rl-gallery-item\"><a href=\"https:\/\/orgues-elbeuf.fr\/wp-content\/uploads\/2026\/02\/IMG_4734-scaled.jpeg\" title=\"\" data-rl_title=\"\" class=\"rl-gallery-link\" data-rl_caption=\"\" data-rel=\"lightbox-gallery-1\"><img loading=\"lazy\" decoding=\"async\" src=\"https:\/\/orgues-elbeuf.fr\/wp-content\/uploads\/2026\/02\/IMG_4734-300x200.jpeg\" width=\"300\" height=\"200\" alt=\"\" \/><\/a><\/div><div class=\"rl-gallery-item\"><a href=\"https:\/\/orgues-elbeuf.fr\/wp-content\/uploads\/2026\/02\/IMG_4748-scaled.jpeg\" title=\"\" data-rl_title=\"\" class=\"rl-gallery-link\" data-rl_caption=\"\" data-rel=\"lightbox-gallery-1\"><img loading=\"lazy\" decoding=\"async\" src=\"https:\/\/orgues-elbeuf.fr\/wp-content\/uploads\/2026\/02\/IMG_4748-300x200.jpeg\" width=\"300\" height=\"200\" alt=\"\" \/><\/a><\/div><div class=\"rl-gallery-item\"><a href=\"https:\/\/orgues-elbeuf.fr\/wp-content\/uploads\/2026\/02\/IMG_4769-scaled.jpeg\" title=\"\" data-rl_title=\"\" class=\"rl-gallery-link\" data-rl_caption=\"\" data-rel=\"lightbox-gallery-1\"><img loading=\"lazy\" decoding=\"async\" src=\"https:\/\/orgues-elbeuf.fr\/wp-content\/uploads\/2026\/02\/IMG_4769-300x200.jpeg\" width=\"300\" height=\"200\" alt=\"\" \/><\/a><\/div><div class=\"rl-gallery-item\"><a href=\"https:\/\/orgues-elbeuf.fr\/wp-content\/uploads\/2026\/02\/IMG_4845-scaled.jpeg\" title=\"\" data-rl_title=\"\" class=\"rl-gallery-link\" data-rl_caption=\"\" data-rel=\"lightbox-gallery-1\"><img loading=\"lazy\" decoding=\"async\" src=\"https:\/\/orgues-elbeuf.fr\/wp-content\/uploads\/2026\/02\/IMG_4845-200x300.jpeg\" width=\"200\" height=\"300\" alt=\"\" \/><\/a><\/div> <\/div> <\/div><\/div>\n","protected":false},"excerpt":{"rendered":"<p>L\u2019Orgue de Choeur de St \u00c9tienne a \u00e9t\u00e9 construit par Aristide Cavaill\u00e9-Coll en 1882. Le buffet correspond au&nbsp;Mod\u00e8le19&nbsp;et sa composition au&nbsp;Mod\u00e8le17&nbsp;du catalogue de la maison Cavaill\u00e9-Coll. Il poss\u00e8de 6 jeux 1\/2 sur un clavier expressif avec un p\u00e9dalier en tirasse permanente. La composition : Clavier expressif Montre 8Basse de Bourdon 8Dessus de Fl\u00fbte Harmonique 8&nbsp;Voix &hellip; <\/p>\n<p class=\"link-more\"><a href=\"https:\/\/orgues-elbeuf.fr\/index.php\/lorgue-de-choeur-de-st-etienne\/\" class=\"more-link\">Lire la suite de<span class=\"screen-reader-text\">\u00ab\u00a0Orgue de Choeur de St \u00c9tienne\u00a0\u00bb<\/span><\/a><\/p>\n","protected":false},"author":1,"featured_media":0,"parent":0,"menu_order":0,"comment_status":"closed","ping_status":"closed","template":"","meta":{"inspiro_hide_title":false,"footnotes":""},"class_list":["post-69","page","type-page","status-publish","hentry"],"_links":{"self":[{"href":"https:\/\/orgues-elbeuf.fr\/index.php\/wp-json\/wp\/v2\/pages\/69","targetHints":{"allow":["GET"]}}],"collection":[{"href":"https:\/\/orgues-elbeuf.fr\/index.php\/wp-json\/wp\/v2\/pages"}],"about":[{"href":"https:\/\/orgues-elbeuf.fr\/index.php\/wp-json\/wp\/v2\/types\/page"}],"author":[{"embeddable":true,"href":"https:\/\/orgues-elbeuf.fr\/index.php\/wp-json\/wp\/v2\/users\/1"}],"replies":[{"embeddable":true,"href":"https:\/\/orgues-elbeuf.fr\/index.php\/wp-json\/wp\/v2\/comments?post=69"}],"version-history":[{"count":4,"href":"https:\/\/orgues-elbeuf.fr\/index.php\/wp-json\/wp\/v2\/pages\/69\/revisions"}],"predecessor-version":[{"id":266,"href":"https:\/\/orgues-elbeuf.fr\/index.php\/wp-json\/wp\/v2\/pages\/69\/revisions\/266"}],"wp:attachment":[{"href":"https:\/\/orgues-elbeuf.fr\/index.php\/wp-json\/wp\/v2\/media?parent=69"}],"curies":[{"name":"wp","href":"https:\/\/api.w.org\/{rel}","templated":true}]}}