{"id":72,"date":"2026-02-18T15:44:14","date_gmt":"2026-02-18T15:44:14","guid":{"rendered":"https:\/\/orgues-elbeuf.fr\/?page_id=72"},"modified":"2026-02-19T14:42:34","modified_gmt":"2026-02-19T14:42:34","slug":"lorgue-de-choeur-de-st-jean","status":"publish","type":"page","link":"https:\/\/orgues-elbeuf.fr\/index.php\/lorgue-de-choeur-de-st-jean\/","title":{"rendered":"Orgue de Choeur de St Jean"},"content":{"rendered":"\n<p>L\u2019Orgue de Choeur de St Jean-Baptiste a \u00e9t\u00e9 construit par J. Abbey au XIX\u00e8me si\u00e8cle. Il comprend 2 claviers de 56 notes et un p\u00e9dalier de 27 notes.<\/p>\n\n\n\n<p>L&rsquo;orgue a \u00e9t\u00e9 enti\u00e8rement nettoy\u00e9 en 2014 par l&rsquo;association des poussi\u00e8res et gravats qui l&rsquo;encombraient depuis l&rsquo;effondrement des vo\u00fbtes de la nef lat\u00e9rale. Pour de raisons techniques d&rsquo;accord, certains jeux attendent le passage du facteur d&rsquo;orgue et ne sont pas utilisables actuellement.<\/p>\n\n\n\n<p>Sa composition est la suivante :<\/p>\n\n\n\n<figure class=\"wp-block-table\"><table class=\"has-fixed-layout\"><tbody><tr><td>Grand-Orgue :<\/td><td>R\u00e9cit :<\/td><td>P\u00e9dale :<\/td><\/tr><tr><td>Bourdon 16<br>Montre 8<br>Bourdon 8<br>Fl\u00fbte Harmonique 8<br>Prestant 4<\/td><td>Cor de nuit 8<br>Fl\u00fbte octaviante 4<br>Octavin 2<br>Plein Jeu IV<br>Trompette harmonique 8<\/td><td>Soubasse 16<br>Bourdon 8<\/td><\/tr><\/tbody><\/table><\/figure>\n\n\n\n<p>P\u00e9dales de combinaison :<\/p>\n\n\n\n<p>Tir GO, Tir R\u00e9c, Expression, Anches R\u00e9c., Acc GO\/R\u00e9c, Tremblant<\/p>\n\n\n\n<div class=\"wp-block-responsive-lightbox-gallery\"><div class=\"rl-gallery-container rl-loading\" id=\"rl-gallery-container-1\" data-gallery_id=\"264\"> <div class=\"rl-gallery rl-basicgrid-gallery \" id=\"rl-gallery-1\" data-gallery_no=\"1\"> <div class=\"rl-gallery-item\"><a href=\"https:\/\/orgues-elbeuf.fr\/wp-content\/uploads\/2026\/02\/POStJean-Console-Cartouche-ABBEY-scaled.jpeg\" title=\"\" data-rl_title=\"\" class=\"rl-gallery-link\" data-rl_caption=\"\" data-rel=\"lightbox-gallery-1\"><img loading=\"lazy\" decoding=\"async\" src=\"https:\/\/orgues-elbeuf.fr\/wp-content\/uploads\/2026\/02\/POStJean-Console-Cartouche-ABBEY-300x200.jpeg\" width=\"300\" height=\"200\" alt=\"\" \/><\/a><\/div><div class=\"rl-gallery-item\"><a href=\"https:\/\/orgues-elbeuf.fr\/wp-content\/uploads\/2026\/02\/POStJean-Buffet-scaled.jpeg\" title=\"\" data-rl_title=\"\" class=\"rl-gallery-link\" data-rl_caption=\"\" data-rel=\"lightbox-gallery-1\"><img loading=\"lazy\" decoding=\"async\" src=\"https:\/\/orgues-elbeuf.fr\/wp-content\/uploads\/2026\/02\/POStJean-Buffet-200x300.jpeg\" width=\"200\" height=\"300\" alt=\"\" \/><\/a><\/div><div class=\"rl-gallery-item\"><a href=\"https:\/\/orgues-elbeuf.fr\/wp-content\/uploads\/2026\/02\/POStJean-Console-scaled.jpeg\" title=\"\" data-rl_title=\"\" class=\"rl-gallery-link\" data-rl_caption=\"\" data-rel=\"lightbox-gallery-1\"><img loading=\"lazy\" decoding=\"async\" src=\"https:\/\/orgues-elbeuf.fr\/wp-content\/uploads\/2026\/02\/POStJean-Console-300x200.jpeg\" width=\"300\" height=\"200\" alt=\"\" \/><\/a><\/div> <\/div> <\/div><\/div>\n\n\n\n<figure class=\"wp-block-pullquote\"><blockquote><p><\/p><\/blockquote><\/figure>\n","protected":false},"excerpt":{"rendered":"<p>L\u2019Orgue de Choeur de St Jean-Baptiste a \u00e9t\u00e9 construit par J. Abbey au XIX\u00e8me si\u00e8cle. Il comprend 2 claviers de 56 notes et un p\u00e9dalier de 27 notes. L&rsquo;orgue a \u00e9t\u00e9 enti\u00e8rement nettoy\u00e9 en 2014 par l&rsquo;association des poussi\u00e8res et gravats qui l&rsquo;encombraient depuis l&rsquo;effondrement des vo\u00fbtes de la nef lat\u00e9rale. Pour de raisons techniques &hellip; <\/p>\n<p class=\"link-more\"><a href=\"https:\/\/orgues-elbeuf.fr\/index.php\/lorgue-de-choeur-de-st-jean\/\" class=\"more-link\">Lire la suite de<span class=\"screen-reader-text\">\u00ab\u00a0Orgue de Choeur de St Jean\u00a0\u00bb<\/span><\/a><\/p>\n","protected":false},"author":1,"featured_media":0,"parent":0,"menu_order":0,"comment_status":"closed","ping_status":"closed","template":"","meta":{"inspiro_hide_title":false,"footnotes":""},"class_list":["post-72","page","type-page","status-publish","hentry"],"_links":{"self":[{"href":"https:\/\/orgues-elbeuf.fr\/index.php\/wp-json\/wp\/v2\/pages\/72","targetHints":{"allow":["GET"]}}],"collection":[{"href":"https:\/\/orgues-elbeuf.fr\/index.php\/wp-json\/wp\/v2\/pages"}],"about":[{"href":"https:\/\/orgues-elbeuf.fr\/index.php\/wp-json\/wp\/v2\/types\/page"}],"author":[{"embeddable":true,"href":"https:\/\/orgues-elbeuf.fr\/index.php\/wp-json\/wp\/v2\/users\/1"}],"replies":[{"embeddable":true,"href":"https:\/\/orgues-elbeuf.fr\/index.php\/wp-json\/wp\/v2\/comments?post=72"}],"version-history":[{"count":6,"href":"https:\/\/orgues-elbeuf.fr\/index.php\/wp-json\/wp\/v2\/pages\/72\/revisions"}],"predecessor-version":[{"id":267,"href":"https:\/\/orgues-elbeuf.fr\/index.php\/wp-json\/wp\/v2\/pages\/72\/revisions\/267"}],"wp:attachment":[{"href":"https:\/\/orgues-elbeuf.fr\/index.php\/wp-json\/wp\/v2\/media?parent=72"}],"curies":[{"name":"wp","href":"https:\/\/api.w.org\/{rel}","templated":true}]}}